{"id":195,"date":"2020-01-23T21:51:25","date_gmt":"2020-01-24T00:51:25","guid":{"rendered":"http:\/\/amorimbarreto.com.br\/site2019\/?page_id=195"},"modified":"2020-01-23T21:51:25","modified_gmt":"2020-01-24T00:51:25","slug":"empresa","status":"publish","type":"page","link":"http:\/\/amorimbarreto.com.br\/site2019\/empresa\/","title":{"rendered":"Empresa"},"content":{"rendered":"<p>[vc_row][vc_column][vc_empty_space][\/vc_column][vc_column width=&#8221;1\/6&#8243;][\/vc_column][vc_column width=&#8221;4\/6&#8243;][vc_column_text css_animation=&#8221;fadeInUp&#8221;]<\/p>\n<p style=\"text-align: justify;\">A Amorim Barreto Engenharia \u00e9 uma empresa com 40 anos de experi\u00eancia acumulada, tendo passado por duas divis\u00f5es societ\u00e1rias at\u00e9 chegar a atual composi\u00e7\u00e3o em 1999.<\/p>\n<p style=\"text-align: justify;\">O sucesso da Amorim Barreto se deve ao casamento perfeito de estilos e personalidades de sua equipe, que deram origem a um empreendimento de vanguarda, aliando uma arrojada pol\u00edtica de pessoal ao que existe de mais moderno em tecnologia empresarial. Contar com experi\u00eancia de excelentes profissionais tornou mais segura a caminhada da empresa. Al\u00e9m de moderna tecnologia, a empresa utiliza o sistema de gest\u00e3o participativa onde todos os engenheiros, gerentes, encarregados e funcion\u00e1rios s\u00e3o parceiros da empresa.<\/p>\n<p style=\"text-align: justify;\">Na Amorim Barreto, a \u00f3tica empresarial, fundamenta-se na hierarquia CLIENTE-PROJETO-OBRA, procurando atender substancialmente aos interesses do cliente e aos objetivos e necessidades do empreendimento contratado. Esta postura repousa na capacidade de criar e conservar clientes, sabendo que seu \u00eaxito \u00e9 fun\u00e7\u00e3o da satisfa\u00e7\u00e3o que lhes proporciona.<\/p>\n<p>[\/vc_column_text][\/vc_column][vc_column width=&#8221;1\/6&#8243;][\/vc_column][\/vc_row][vc_row][vc_column width=&#8221;1\/6&#8243;][\/vc_column][vc_column width=&#8221;4\/6&#8243;][vc_row_inner][vc_column_inner width=&#8221;1\/2&#8243;][vc_column_text css_animation=&#8221;fadeInUp&#8221;]<\/p>\n<div id=\"attachment_174\" style=\"width: 350px\" class=\"wp-caption aligncenter\"><img loading=\"lazy\" decoding=\"async\" aria-describedby=\"caption-attachment-174\" class=\"size-medium wp-image-174\" src=\"http:\/\/amorimbarreto.com.br\/site2019\/wp-content\/uploads\/2020\/01\/Matriz-Salvador-BA-300x190.jpg\" alt=\"\" width=\"340\" height=\"190\" \/><p id=\"caption-attachment-174\" class=\"wp-caption-text\">Matriz Salvador &#8211; BA<\/p><\/div>\n<p>[\/vc_column_text][\/vc_column_inner][vc_column_inner width=&#8221;1\/2&#8243;][vc_column_text css_animation=&#8221;fadeInUp&#8221;]<\/p>\n<div id=\"attachment_173\" style=\"width: 350px\" class=\"wp-caption aligncenter\"><img loading=\"lazy\" decoding=\"async\" aria-describedby=\"caption-attachment-173\" class=\"size-full wp-image-173\" src=\"http:\/\/amorimbarreto.com.br\/site2019\/wp-content\/uploads\/2020\/01\/Filial-Maceio-AL.jpg\" alt=\"\" width=\"340\" height=\"215\" srcset=\"http:\/\/amorimbarreto.com.br\/site2019\/wp-content\/uploads\/2020\/01\/Filial-Maceio-AL.jpg 340w, http:\/\/amorimbarreto.com.br\/site2019\/wp-content\/uploads\/2020\/01\/Filial-Maceio-AL-300x190.jpg 300w, http:\/\/amorimbarreto.com.br\/site2019\/wp-content\/uploads\/2020\/01\/Filial-Maceio-AL-231x146.jpg 231w, http:\/\/amorimbarreto.com.br\/site2019\/wp-content\/uploads\/2020\/01\/Filial-Maceio-AL-50x32.jpg 50w, http:\/\/amorimbarreto.com.br\/site2019\/wp-content\/uploads\/2020\/01\/Filial-Maceio-AL-119x75.jpg 119w\" sizes=\"auto, (max-width: 340px) 100vw, 340px\" \/><p id=\"caption-attachment-173\" class=\"wp-caption-text\">Filial Macei\u00f3 &#8211; AL<\/p><\/div>\n<p>[\/vc_column_text][\/vc_column_inner][\/vc_row_inner][\/vc_column][vc_column width=&#8221;1\/6&#8243;][\/vc_column][\/vc_row][vc_row][vc_column width=&#8221;1\/6&#8243;][\/vc_column][vc_column width=&#8221;2\/3&#8243;][vc_custom_heading text=&#8221;Pol\u00edtica de Qualidade&#8221; font_container=&#8221;tag:h4|text_align:left&#8221; use_theme_fonts=&#8221;yes&#8221; css_animation=&#8221;fadeInUp&#8221;][vc_column_text css_animation=&#8221;fadeInUp&#8221;]<\/p>\n<p style=\"text-align: justify;\">Satisfa\u00e7\u00e3o dos clientes, buscando continuamente a melhoria dos servi\u00e7os prestados.<\/p>\n<p>[\/vc_column_text][vc_empty_space height=&#8221;1px&#8221;][vc_custom_heading text=&#8221;\u00c9 nosso Compromisso&#8221; font_container=&#8221;tag:h4|text_align:left&#8221; use_theme_fonts=&#8221;yes&#8221; css_animation=&#8221;fadeInUp&#8221;][vc_row_inner][vc_column_inner width=&#8221;1\/2&#8243;][vc_column_text css_animation=&#8221;fadeInUp&#8221;]<\/p>\n<ul>\n<li>Satisfa\u00e7\u00e3o dos nossos Clientes;<\/li>\n<li>Aperfei\u00e7oamento cont\u00ednuo dos nossos colaboradores;<\/li>\n<\/ul>\n<p>[\/vc_column_text][\/vc_column_inner][vc_column_inner width=&#8221;1\/2&#8243;][vc_column_text css_animation=&#8221;fadeInUp&#8221;]<\/p>\n<ul>\n<li>Investimento para o Sistema da Qualidade;<\/li>\n<li>Manuten\u00e7\u00e3o e melhoria do Sistema da Qualidade.<\/li>\n<\/ul>\n<p>[\/vc_column_text][\/vc_column_inner][\/vc_row_inner][\/vc_column][vc_column width=&#8221;1\/6&#8243;][\/vc_column][\/vc_row][vc_row][vc_column width=&#8221;1\/6&#8243;][\/vc_column][vc_column width=&#8221;2\/3&#8243;][vc_custom_heading text=&#8221;Planejamento e execu\u00e7\u00e3o de projetos e obras de engenharia nas especialidades:&#8221; font_container=&#8221;tag:h4|text_align:left&#8221; use_theme_fonts=&#8221;yes&#8221; css_animation=&#8221;fadeInUp&#8221;][vc_row_inner][vc_column_inner width=&#8221;1\/2&#8243;][vc_column_text css_animation=&#8221;fadeInUp&#8221;]<\/p>\n<ul>\n<li>Constru\u00e7\u00e3o de edif\u00edcios;<\/li>\n<li>Obras d\u2019arte especiais e correntes;<\/li>\n<li>Obras rodovi\u00e1rias;<\/li>\n<li>Obras de capta\u00e7\u00e3o e abastecimento d\u2019\u00e1gua;<\/li>\n<li>Obras de drenagem, irriga\u00e7\u00e3o e saneamento;<\/li>\n<li>Obras destinadas ao aproveitamento de energia;<\/li>\n<\/ul>\n<p>[\/vc_column_text][\/vc_column_inner][vc_column_inner width=&#8221;1\/2&#8243;][vc_column_text css_animation=&#8221;fadeInUp&#8221;]<\/p>\n<ul>\n<li>Portos, rios e canais;<\/li>\n<li>Obras aeroportu\u00e1rias;<\/li>\n<li>Conjuntos habitacionais \u2013 infra-estrutura;<\/li>\n<li>Drenagem, saneamento e constru\u00e7\u00e3o;<\/li>\n<li>Barragens.<\/li>\n<\/ul>\n<p>[\/vc_column_text][\/vc_column_inner][\/vc_row_inner][\/vc_column][vc_column width=&#8221;1\/6&#8243;][\/vc_column][\/vc_row]<\/p>\n","protected":false},"excerpt":{"rendered":"<p>[vc_row][vc_column][vc_empty_space][\/vc_column][vc_column width=&#8221;1\/6&#8243;][\/vc_column][vc_column width=&#8221;4\/6&#8243;][vc_column_text css_animation=&#8221;fadeInUp&#8221;] A Amorim Barreto Engenharia \u00e9 uma empresa com 40 anos de experi\u00eancia acumulada, tendo passado por duas divis\u00f5es societ\u00e1rias at\u00e9 chegar a<span class=\"excerpt-hellip\"> [\u2026]<\/span><\/p>\n","protected":false},"author":1,"featured_media":0,"parent":0,"menu_order":0,"comment_status":"closed","ping_status":"open","template":"","meta":{"footnotes":""},"class_list":["post-195","page","type-page","status-publish","hentry"],"yoast_head":"<!-- This site is optimized with the Yoast SEO plugin v18.4.1 - https:\/\/yoast.com\/wordpress\/plugins\/seo\/ -->\n<title>Empresa - Amorim Barreto<\/title>\n<meta name=\"robots\" content=\"index, follow, max-snippet:-1, max-image-preview:large, max-video-preview:-1\" \/>\n<link rel=\"canonical\" href=\"http:\/\/amorimbarreto.com.br\/site2019\/empresa\/\" \/>\n<meta property=\"og:locale\" content=\"pt_BR\" \/>\n<meta property=\"og:type\" content=\"article\" \/>\n<meta property=\"og:title\" content=\"Empresa - Amorim Barreto\" \/>\n<meta property=\"og:description\" content=\"[vc_row][vc_column][vc_empty_space][\/vc_column][vc_column width=&#8221;1\/6&#8243;][\/vc_column][vc_column width=&#8221;4\/6&#8243;][vc_column_text css_animation=&#8221;fadeInUp&#8221;] A Amorim Barreto Engenharia \u00e9 uma empresa com 40 anos de experi\u00eancia acumulada, tendo passado por duas divis\u00f5es societ\u00e1rias at\u00e9 chegar a [\u2026]\" \/>\n<meta property=\"og:url\" content=\"http:\/\/amorimbarreto.com.br\/site2019\/empresa\/\" \/>\n<meta property=\"og:site_name\" content=\"Amorim Barreto\" \/>\n<meta property=\"og:image\" content=\"http:\/\/amorimbarreto.com.br\/site2019\/wp-content\/uploads\/2020\/01\/Matriz-Salvador-BA-300x190.jpg\" \/>\n<meta name=\"twitter:card\" content=\"summary_large_image\" \/>\n<meta name=\"twitter:label1\" content=\"Est. tempo de leitura\" \/>\n\t<meta name=\"twitter:data1\" content=\"3 minutos\" \/>\n<script type=\"application\/ld+json\" class=\"yoast-schema-graph\">{\"@context\":\"https:\/\/schema.org\",\"@graph\":[{\"@type\":\"WebSite\",\"@id\":\"http:\/\/amorimbarreto.com.br\/site2019\/#website\",\"url\":\"http:\/\/amorimbarreto.com.br\/site2019\/\",\"name\":\"Amorim Barreto\",\"description\":\"Engenharia\",\"potentialAction\":[{\"@type\":\"SearchAction\",\"target\":{\"@type\":\"EntryPoint\",\"urlTemplate\":\"http:\/\/amorimbarreto.com.br\/site2019\/?s={search_term_string}\"},\"query-input\":\"required name=search_term_string\"}],\"inLanguage\":\"pt-BR\"},{\"@type\":\"ImageObject\",\"@id\":\"http:\/\/amorimbarreto.com.br\/site2019\/empresa\/#primaryimage\",\"inLanguage\":\"pt-BR\",\"url\":\"http:\/\/amorimbarreto.com.br\/site2019\/wp-content\/uploads\/2020\/01\/Matriz-Salvador-BA.jpg\",\"contentUrl\":\"http:\/\/amorimbarreto.com.br\/site2019\/wp-content\/uploads\/2020\/01\/Matriz-Salvador-BA.jpg\",\"width\":340,\"height\":215,\"caption\":\"Matriz Salvador - BA\"},{\"@type\":\"WebPage\",\"@id\":\"http:\/\/amorimbarreto.com.br\/site2019\/empresa\/#webpage\",\"url\":\"http:\/\/amorimbarreto.com.br\/site2019\/empresa\/\",\"name\":\"Empresa - Amorim Barreto\",\"isPartOf\":{\"@id\":\"http:\/\/amorimbarreto.com.br\/site2019\/#website\"},\"primaryImageOfPage\":{\"@id\":\"http:\/\/amorimbarreto.com.br\/site2019\/empresa\/#primaryimage\"},\"datePublished\":\"2020-01-24T00:51:25+00:00\",\"dateModified\":\"2020-01-24T00:51:25+00:00\",\"breadcrumb\":{\"@id\":\"http:\/\/amorimbarreto.com.br\/site2019\/empresa\/#breadcrumb\"},\"inLanguage\":\"pt-BR\",\"potentialAction\":[{\"@type\":\"ReadAction\",\"target\":[\"http:\/\/amorimbarreto.com.br\/site2019\/empresa\/\"]}]},{\"@type\":\"BreadcrumbList\",\"@id\":\"http:\/\/amorimbarreto.com.br\/site2019\/empresa\/#breadcrumb\",\"itemListElement\":[{\"@type\":\"ListItem\",\"position\":1,\"name\":\"In\u00edcio\",\"item\":\"http:\/\/amorimbarreto.com.br\/site2019\/\"},{\"@type\":\"ListItem\",\"position\":2,\"name\":\"Empresa\"}]}]}<\/script>\n<!-- \/ Yoast SEO plugin. -->","yoast_head_json":{"title":"Empresa - Amorim Barreto","robots":{"index":"index","follow":"follow","max-snippet":"max-snippet:-1","max-image-preview":"max-image-preview:large","max-video-preview":"max-video-preview:-1"},"canonical":"http:\/\/amorimbarreto.com.br\/site2019\/empresa\/","og_locale":"pt_BR","og_type":"article","og_title":"Empresa - Amorim Barreto","og_description":"[vc_row][vc_column][vc_empty_space][\/vc_column][vc_column width=&#8221;1\/6&#8243;][\/vc_column][vc_column width=&#8221;4\/6&#8243;][vc_column_text css_animation=&#8221;fadeInUp&#8221;] A Amorim Barreto Engenharia \u00e9 uma empresa com 40 anos de experi\u00eancia acumulada, tendo passado por duas divis\u00f5es societ\u00e1rias at\u00e9 chegar a [\u2026]","og_url":"http:\/\/amorimbarreto.com.br\/site2019\/empresa\/","og_site_name":"Amorim Barreto","og_image":[{"url":"http:\/\/amorimbarreto.com.br\/site2019\/wp-content\/uploads\/2020\/01\/Matriz-Salvador-BA-300x190.jpg"}],"twitter_card":"summary_large_image","twitter_misc":{"Est. tempo de leitura":"3 minutos"},"schema":{"@context":"https:\/\/schema.org","@graph":[{"@type":"WebSite","@id":"http:\/\/amorimbarreto.com.br\/site2019\/#website","url":"http:\/\/amorimbarreto.com.br\/site2019\/","name":"Amorim Barreto","description":"Engenharia","potentialAction":[{"@type":"SearchAction","target":{"@type":"EntryPoint","urlTemplate":"http:\/\/amorimbarreto.com.br\/site2019\/?s={search_term_string}"},"query-input":"required name=search_term_string"}],"inLanguage":"pt-BR"},{"@type":"ImageObject","@id":"http:\/\/amorimbarreto.com.br\/site2019\/empresa\/#primaryimage","inLanguage":"pt-BR","url":"http:\/\/amorimbarreto.com.br\/site2019\/wp-content\/uploads\/2020\/01\/Matriz-Salvador-BA.jpg","contentUrl":"http:\/\/amorimbarreto.com.br\/site2019\/wp-content\/uploads\/2020\/01\/Matriz-Salvador-BA.jpg","width":340,"height":215,"caption":"Matriz Salvador - BA"},{"@type":"WebPage","@id":"http:\/\/amorimbarreto.com.br\/site2019\/empresa\/#webpage","url":"http:\/\/amorimbarreto.com.br\/site2019\/empresa\/","name":"Empresa - Amorim Barreto","isPartOf":{"@id":"http:\/\/amorimbarreto.com.br\/site2019\/#website"},"primaryImageOfPage":{"@id":"http:\/\/amorimbarreto.com.br\/site2019\/empresa\/#primaryimage"},"datePublished":"2020-01-24T00:51:25+00:00","dateModified":"2020-01-24T00:51:25+00:00","breadcrumb":{"@id":"http:\/\/amorimbarreto.com.br\/site2019\/empresa\/#breadcrumb"},"inLanguage":"pt-BR","potentialAction":[{"@type":"ReadAction","target":["http:\/\/amorimbarreto.com.br\/site2019\/empresa\/"]}]},{"@type":"BreadcrumbList","@id":"http:\/\/amorimbarreto.com.br\/site2019\/empresa\/#breadcrumb","itemListElement":[{"@type":"ListItem","position":1,"name":"In\u00edcio","item":"http:\/\/amorimbarreto.com.br\/site2019\/"},{"@type":"ListItem","position":2,"name":"Empresa"}]}]}},"_links":{"self":[{"href":"http:\/\/amorimbarreto.com.br\/site2019\/wp-json\/wp\/v2\/pages\/195","targetHints":{"allow":["GET"]}}],"collection":[{"href":"http:\/\/amorimbarreto.com.br\/site2019\/wp-json\/wp\/v2\/pages"}],"about":[{"href":"http:\/\/amorimbarreto.com.br\/site2019\/wp-json\/wp\/v2\/types\/page"}],"author":[{"embeddable":true,"href":"http:\/\/amorimbarreto.com.br\/site2019\/wp-json\/wp\/v2\/users\/1"}],"replies":[{"embeddable":true,"href":"http:\/\/amorimbarreto.com.br\/site2019\/wp-json\/wp\/v2\/comments?post=195"}],"version-history":[{"count":0,"href":"http:\/\/amorimbarreto.com.br\/site2019\/wp-json\/wp\/v2\/pages\/195\/revisions"}],"wp:attachment":[{"href":"http:\/\/amorimbarreto.com.br\/site2019\/wp-json\/wp\/v2\/media?parent=195"}],"curies":[{"name":"wp","href":"https:\/\/api.w.org\/{rel}","templated":true}]}}