{"id":197,"date":"2020-01-23T21:59:07","date_gmt":"2020-01-24T00:59:07","guid":{"rendered":"http:\/\/amorimbarreto.com.br\/site2019\/?page_id=197"},"modified":"2020-01-23T21:59:07","modified_gmt":"2020-01-24T00:59:07","slug":"obras","status":"publish","type":"page","link":"http:\/\/amorimbarreto.com.br\/site2019\/obras\/","title":{"rendered":"Obras"},"content":{"rendered":"<p>[vc_row][vc_column][vc_empty_space][\/vc_column][vc_column width=&#8221;1\/6&#8243;][\/vc_column][vc_column width=&#8221;4\/6&#8243;][vc_column_text css_animation=&#8221;fadeInUp&#8221;]<\/p>\n<p style=\"text-align: justify;\">A Amorim Barreto Engenharia Ltda tem um acervo t\u00e9cnico vasto e variado tendo executado mais de 4mil Km de pavimenta\u00e7\u00e3o em rodovias e vias urbanas, obras de terraplenagem, al\u00e9m de aeroportos, pontes, viadutos, instala\u00e7\u00f5es industriais, reformas e constru\u00e7\u00f5es de edif\u00edcios, urbaniza\u00e7\u00e3o, macro-drenagem, barragens, linhas de transmiss\u00e3o e adutoras em diversos estados do Brasil. Sua carteira de clientes \u00e9 ampla, contendo clientes privados e p\u00fablicos por todo o Brasil.<\/p>\n<p>[\/vc_column_text][vc_empty_space height=&#8221;1px&#8221;][\/vc_column][vc_column width=&#8221;1\/6&#8243;][\/vc_column][\/vc_row][vc_row][vc_column][vc_tta_tabs style=&#8221;modern&#8221; spacing=&#8221;10&#8243; gap=&#8221;10&#8243; alignment=&#8221;center&#8221; active_section=&#8221;1&#8243; css_animation=&#8221;fadeInUp&#8221;][vc_tta_section i_icon_fontawesome=&#8221;fa fa-flag&#8221; add_icon=&#8221;true&#8221; title=&#8221;Obras Executadas&#8221; tab_id=&#8221;obras-executadas&#8221;][vc_row_inner][vc_column_inner css=&#8221;.vc_custom_1579827726385{padding-right: 20px !important;padding-left: 20px !important;}&#8221;][vc_empty_space height=&#8221;1px&#8221;][vc_column_text css_animation=&#8221;none&#8221;]<\/p>\n<p style=\"text-align: justify;\"><strong><i class=\"icon-right-dir\" style=\"\"><\/i><\/strong><strong>\u00a0Obra:<\/strong> Restaura\u00e7\u00e3o e Pavimenta\u00e7\u00e3o em TSD na Rodovia BA 263, trecho: Palmas de Monte Alto \u2013 Sebasti\u00e3o Laranjeiras, com 54,00 Km<\/p>\n<p style=\"text-align: justify;\"><strong><i class=\"icon-right-dir\" style=\"\"><\/i>\u00a0Cliente:<\/strong> Derba &#8211; Departamento de Infraestrutura de Transportes do Estado da Bahia<\/p>\n<p>[\/vc_column_text][vc_separator][vc_column_text css_animation=&#8221;none&#8221;]<\/p>\n<p style=\"text-align: justify;\"><strong><i class=\"icon-right-dir\" style=\"\"><\/i>\u00a0Obra:<\/strong> Obras de Recupera\u00e7\u00e3o, Restaura\u00e7\u00e3o e Manuten\u00e7\u00e3o na Rodovia BR 104\/AL, Trecho: Div PE\/AL &#8211; Pra\u00e7a Centen\u00e1rio (Macei\u00f3), subtrecho: Entr. BR-101(B) \u2013 Pra\u00e7a Centen\u00e1rio (Macei\u00f3), Extens\u00e3o: 26,9 Km (Pista Dupla)<\/p>\n<p style=\"text-align: justify;\"><strong><i class=\"icon-right-dir\" style=\"\"><\/i>\u00a0Cliente:<\/strong> DNIT<\/p>\n<p>[\/vc_column_text][vc_separator][vc_column_text css_animation=&#8221;none&#8221;]<\/p>\n<p style=\"text-align: justify;\"><strong><i class=\"icon-right-dir\" style=\"\"><\/i>\u00a0Obra:<\/strong> Ponte em concreto protendido sobre o Rio de Contas, com 160m de extens\u00e3o e 11,40m de largura<\/p>\n<p style=\"text-align: justify;\"><strong><i class=\"icon-right-dir\" style=\"\"><\/i>\u00a0Cliente:<\/strong> DER-BA<\/p>\n<p>[\/vc_column_text][vc_separator][vc_column_text css_animation=&#8221;none&#8221;]<\/p>\n<p style=\"text-align: justify;\"><strong><i class=\"icon-right-dir\" style=\"\"><\/i>\u00a0Obra:<\/strong> Unidade de ensino descentralizado em Barreiras\/BA, com 8.237m2<\/p>\n<p style=\"text-align: justify;\"><strong><i class=\"icon-right-dir\" style=\"\"><\/i>\u00a0Cliente:<\/strong> Prefeitura Municipal de Barreiras<\/p>\n<p>[\/vc_column_text][vc_separator][vc_column_text css_animation=&#8221;none&#8221;]<\/p>\n<p style=\"text-align: justify;\"><strong><i class=\"icon-right-dir\" style=\"\"><\/i>\u00a0Obra:<\/strong> Pavimenta\u00e7\u00e3o da Rodovia AL-101, com 130Km de extens\u00e3o<\/p>\n<p style=\"text-align: justify;\"><strong><i class=\"icon-right-dir\" style=\"\"><\/i>\u00a0Cliente:<\/strong> DER-AL<\/p>\n<p>[\/vc_column_text][vc_separator][vc_column_text css_animation=&#8221;none&#8221;]<\/p>\n<p style=\"text-align: justify;\"><strong><i class=\"icon-right-dir\" style=\"\"><\/i>\u00a0Obra:<\/strong> Implanta\u00e7\u00e3o da Rodovia AL-130, com 7,60Km de extens\u00e3o<\/p>\n<p style=\"text-align: justify;\"><strong><i class=\"icon-right-dir\" style=\"\"><\/i>\u00a0Cliente:<\/strong> DER-AL<\/p>\n<p>[\/vc_column_text][vc_separator][vc_column_text css_animation=&#8221;none&#8221;]<\/p>\n<p style=\"text-align: justify;\"><strong><i class=\"icon-right-dir\" style=\"\"><\/i>\u00a0Obra:<\/strong> Constru\u00e7\u00e3o de viadutos componentes do Sistema Vi\u00e1rio Jati\u00faca- Mangabeiras em Macei\u00f3\/AL<\/p>\n<p>[\/vc_column_text][vc_separator][vc_column_text css_animation=&#8221;none&#8221;]<\/p>\n<p style=\"text-align: justify;\"><strong><i class=\"icon-right-dir\" style=\"\"><\/i>\u00a0Obra:<\/strong> Implanta\u00e7\u00e3o da Rodovia BA-250, com 30,43Km de extens\u00e3o<\/p>\n<p style=\"text-align: justify;\"><strong><i class=\"icon-right-dir\" style=\"\"><\/i>\u00a0Cliente:<\/strong> DER-BA<\/p>\n<p>[\/vc_column_text][vc_separator][vc_column_text css_animation=&#8221;none&#8221;]<\/p>\n<p style=\"text-align: justify;\"><strong><i class=\"icon-right-dir\" style=\"\"><\/i>\u00a0Obra:<\/strong> Restaura\u00e7\u00e3o da pavimenta\u00e7\u00e3o em TSD na BA-220, trecho entroncamento da BR-101 (C\u00edcero Dantas) e Paripiranga com extens\u00e3o de 64 Km<\/p>\n<p style=\"text-align: justify;\"><strong><i class=\"icon-right-dir\" style=\"\"><\/i>\u00a0Cliente:<\/strong> DER-BA<\/p>\n<p>[\/vc_column_text][vc_separator][vc_column_text css_animation=&#8221;none&#8221;]<\/p>\n<p style=\"text-align: justify;\"><strong><i class=\"icon-right-dir\" style=\"\"><\/i>\u00a0Obra:<\/strong> Restaura\u00e7\u00e3o e Melhoramentos da Rodovia AL-101, trecho: Macei\u00f3 \u2013 Paripueira, com 26,22 Km de extens\u00e3o<\/p>\n<p style=\"text-align: justify;\"><strong><i class=\"icon-right-dir\" style=\"\"><\/i>\u00a0Cliente:<\/strong> Departamento de Estradas de Rodagem do Estado de Alagoas-Der\/AL<\/p>\n<p>[\/vc_column_text][vc_separator][vc_column_text css_animation=&#8221;none&#8221;]<\/p>\n<p style=\"text-align: justify;\"><strong><i class=\"icon-right-dir\" style=\"\"><\/i>\u00a0Obra:<\/strong> Recupera\u00e7\u00e3o e Reconstru\u00e7\u00e3o de Resid\u00eancias Populares, de Obras de Artes de Estradas Vicinais de Vias Urbanas, de Barragem, de Esgotos Sanit\u00e1rios e de Eros\u00f5es e Deslizamentos nos Munic\u00edpios de Coqueiro Seco, Barra de S\u00e3o Miguel, Roteiro, Pariconha, Santana do Ipanema, \u00c1gua Banca, Paripueira, Mata Grande, Delmiro Gouveia, Vi\u00e7osa, Jequi\u00e1 da Praia e Quebrangulo em Macei\u00f3\/AL<\/p>\n<p style=\"text-align: justify;\"><strong><i class=\"icon-right-dir\" style=\"\"><\/i>\u00a0Cliente:<\/strong> Seinfra \/ Governo do Estado de Alagoas<\/p>\n<p>[\/vc_column_text][vc_separator][vc_column_text css_animation=&#8221;none&#8221;]<\/p>\n<p style=\"text-align: justify;\"><strong><i class=\"icon-right-dir\" style=\"\"><\/i>\u00a0Obra:<\/strong> Viaduto Des. Washington Luiz, em Macei\u00f3\/AL<\/p>\n<p style=\"text-align: justify;\"><strong><i class=\"icon-right-dir\" style=\"\"><\/i>\u00a0Cliente:<\/strong> Prefeitura Municipal de Macei\u00f3<\/p>\n<p>[\/vc_column_text][vc_separator][vc_column_text css_animation=&#8221;none&#8221;]<\/p>\n<p style=\"text-align: justify;\"><strong><i class=\"icon-right-dir\" style=\"\"><\/i>\u00a0Obra:<\/strong> Montagem e obras civis no projeto Mina de Ouro em Jacobina Bahia, \u00e1rea constru\u00edda de 15.180m2<\/p>\n<p style=\"text-align: justify;\"><strong><i class=\"icon-right-dir\" style=\"\"><\/i>\u00a0Cliente:<\/strong> Minera\u00e7\u00e3o Morro Velho SA<\/p>\n<p>[\/vc_column_text][vc_separator][vc_column_text css_animation=&#8221;none&#8221;]<\/p>\n<p style=\"text-align: justify;\"><strong><i class=\"icon-right-dir\" style=\"\"><\/i>\u00a0Obra:<\/strong> Reconstru\u00e7\u00e3o da Rodovia AL-487 com 29,28Km de extens\u00e3o<\/p>\n<p style=\"text-align: justify;\"><strong><i class=\"icon-right-dir\" style=\"\"><\/i>\u00a0Cliente:<\/strong> DER-AL<\/p>\n<p>[\/vc_column_text][vc_separator][vc_column_text css_animation=&#8221;none&#8221;]<\/p>\n<p style=\"text-align: justify;\"><strong><i class=\"icon-right-dir\" style=\"\"><\/i>\u00a0Obra:<\/strong> Obras de recupera\u00e7\u00e3o, manuten\u00e7\u00e3o e conserva\u00e7\u00e3o rodovi\u00e1rias do Programa de Revitaliza\u00e7\u00e3o &#8211; PIR IV, na rodovia BR 101 BA<\/p>\n<p style=\"text-align: justify;\"><strong><i class=\"icon-right-dir\" style=\"\"><\/i>\u00a0Cliente:<\/strong> DNIT<\/p>\n<p>[\/vc_column_text][vc_separator][vc_column_text css_animation=&#8221;none&#8221;]<\/p>\n<p style=\"text-align: justify;\"><strong><i class=\"icon-right-dir\" style=\"\"><\/i>\u00a0Obra:<\/strong> Restaura\u00e7\u00e3o da Rodovia BR-101\/BA, com extens\u00e3o de 96,1Km<\/p>\n<p style=\"text-align: justify;\"><strong><i class=\"icon-right-dir\" style=\"\"><\/i>\u00a0Cliente:<\/strong> DNIT<\/p>\n<p>[\/vc_column_text][vc_separator][vc_column_text css_animation=&#8221;none&#8221;]<\/p>\n<p style=\"text-align: justify;\"><strong>Obra:<\/strong> Obras civ\u00eds na \u00e1rea de implanta\u00e7\u00e3o do projeto Mina de Ouro em Jacobina\/BA<\/p>\n<p style=\"text-align: justify;\"><strong>Cliente:<\/strong> Minera\u00e7\u00e3o Morro Velho<\/p>\n<p>[\/vc_column_text][vc_separator][vc_column_text css_animation=&#8221;none&#8221;]<\/p>\n<p style=\"text-align: justify;\"><strong><i class=\"icon-right-dir\" style=\"\"><\/i>\u00a0Obra:<\/strong> Obras e servi\u00e7os de Pavimenta\u00e7\u00e3o e Drenagem de diversas ruas no bairro de Santos Dumont, Macei\u00f3 \/ AL<\/p>\n<p style=\"text-align: justify;\"><strong><i class=\"icon-right-dir\" style=\"\"><\/i>\u00a0Cliente:<\/strong> Seminfra \/ Prefeitura Municipal de Macei\u00f3<\/p>\n<p>[\/vc_column_text][vc_separator][vc_column_text css_animation=&#8221;none&#8221;]<\/p>\n<p style=\"text-align: justify;\"><strong><i class=\"icon-right-dir\" style=\"\"><\/i>\u00a0Obra:<\/strong> Ponte sobre o Rio de Andara\u00ed, com 60m de extens\u00e3o e 10m de largura<\/p>\n<p style=\"text-align: justify;\"><strong><i class=\"icon-right-dir\" style=\"\"><\/i>\u00a0Cliente:<\/strong> DER-BA<\/p>\n<p>[\/vc_column_text][vc_separator][vc_column_text css_animation=&#8221;none&#8221;]<\/p>\n<p style=\"text-align: justify;\"><strong><i class=\"icon-right-dir\" style=\"\"><\/i>\u00a0Obra:<\/strong> Constru\u00e7\u00e3o do Edif\u00edcio Sede do INSS em Macei\u00f3\/AL, com 11.800m2 de \u00e1rea constru\u00edda<\/p>\n<p style=\"text-align: justify;\"><strong><i class=\"icon-right-dir\" style=\"\"><\/i>\u00a0Cliente:<\/strong> INSS Instituto Nacional de Seguridade Social<\/p>\n<p>[\/vc_column_text][vc_separator][vc_column_text css_animation=&#8221;none&#8221;]<\/p>\n<p style=\"text-align: justify;\"><strong><i class=\"icon-right-dir\" style=\"\"><\/i>\u00a0Obra:<\/strong> Constru\u00e7\u00e3o de conjunto habitacional em Macei\/AL<\/p>\n<p style=\"text-align: justify;\"><strong><i class=\"icon-right-dir\" style=\"\"><\/i>\u00a0Cliente:<\/strong> Prefeitura Municipal de Macei\u00f3<\/p>\n<p>[\/vc_column_text][vc_separator][vc_column_text css_animation=&#8221;none&#8221;]<\/p>\n<p style=\"text-align: justify;\"><strong><i class=\"icon-right-dir\" style=\"\"><\/i>\u00a0Obra:<\/strong> Implanta\u00e7\u00e3o da Rodovia AL-110, trecho Vi\u00e7osa\/ Mar Vermelho, com 22,80Km<\/p>\n<p style=\"text-align: justify;\"><strong><i class=\"icon-right-dir\" style=\"\"><\/i>\u00a0Cliente:<\/strong> DER-AL<\/p>\n<p>[\/vc_column_text][vc_separator][vc_column_text css_animation=&#8221;none&#8221;]<\/p>\n<p style=\"text-align: justify;\"><strong><i class=\"icon-right-dir\" style=\"\"><\/i>\u00a0Obra:<\/strong> Servi\u00e7os de pavimenta\u00e7\u00e3o em paralelep\u00edpedos, Lote 1: Acesso ao Portal da APA no Km 385 da BR 101, compreendendo a interse\u00e7\u00e3o da BR 101 e acesso at\u00e9 o Bambuzal; Lote 2: Interse\u00e7\u00e3o da BA 001, acesso a Pancada Grande em Ituber\u00e1 at\u00e9 a localidade de Col\u00f4nia<\/p>\n<p style=\"text-align: justify;\"><strong><i class=\"icon-right-dir\" style=\"\"><\/i>\u00a0Cliente:<\/strong> OCT<\/p>\n<p>[\/vc_column_text][vc_separator][vc_column_text css_animation=&#8221;none&#8221;]<\/p>\n<p style=\"text-align: justify;\"><strong><i class=\"icon-right-dir\" style=\"\"><\/i>\u00a0Obra:<\/strong> Restaura\u00e7\u00e3o da Rodovia AL-220, com 77Km de extens\u00e3o<\/p>\n<p style=\"text-align: justify;\"><strong><i class=\"icon-right-dir\" style=\"\"><\/i>\u00a0Cliente:<\/strong> DER-AL<\/p>\n<p>[\/vc_column_text][vc_separator][vc_column_text css_animation=&#8221;none&#8221;]<\/p>\n<p style=\"text-align: justify;\"><strong><i class=\"icon-right-dir\" style=\"\"><\/i>\u00a0Obra:<\/strong> Constru\u00e7\u00e3o da barragem de rejeitos na \u00e1rea de implanta\u00e7\u00e3o do projeto Mina de Ouro em Jacobina\/BA<\/p>\n<p style=\"text-align: justify;\"><strong><i class=\"icon-right-dir\" style=\"\"><\/i>\u00a0Cliente:<\/strong> Minera\u00e7\u00e3o Morro Velho<\/p>\n<p>[\/vc_column_text][\/vc_column_inner][\/vc_row_inner][\/vc_tta_section][vc_tta_section i_icon_fontawesome=&#8221;fa fa-cog&#8221; add_icon=&#8221;true&#8221; title=&#8221;Obras em Execu\u00e7\u00e3o&#8221; tab_id=&#8221;obras-em-execucao&#8221;][vc_row_inner][vc_column_inner][vc_empty_space height=&#8221;1px&#8221;][vc_column_text css_animation=&#8221;none&#8221;]<\/p>\n<p style=\"text-align: justify;\"><strong><i class=\"icon-right-dir\" style=\"\"><\/i><\/strong><strong> Obra: <\/strong>Elabora\u00e7\u00e3o do Projeto e Execu\u00e7\u00e3o das Obras de Duplica\u00e7\u00e3o, Implanta\u00e7\u00e3o de Vias Laterais, Restaura\u00e7\u00e3o com Melhoramentos e Obras-de-Arte Especiais, na Rodovia BR-116\/BA (CONS\u00d3RCIO AMORIM BARRETO\/ EMPA\/ PATROL\/ BASITEC)<\/p>\n<p style=\"text-align: justify;\"><strong><i class=\"icon-right-dir\" style=\"\"><\/i> Cliente:\u00a0<\/strong><span style=\"font-weight: 400;\">Departamento Nacional de Infraestrutura de Transportes (DNIT)<\/span><\/p>\n<p>[\/vc_column_text][vc_separator][vc_column_text css_animation=&#8221;none&#8221;]<\/p>\n<p style=\"text-align: justify;\"><strong><i class=\"icon-right-dir\" style=\"\"><\/i><\/strong><strong>\u00a0Obra:<\/strong> Obras de urbaniza\u00e7\u00e3o, saneamento e outros servi\u00e7os na comunidade do Vale do Reginaldo, em Macei\u00f3-Alagoas<\/p>\n<p style=\"text-align: justify;\"><strong><i class=\"icon-right-dir\" style=\"\"><\/i>\u00a0Cliente:<\/strong> Prefeitura Municipal de Macei\u00f3<\/p>\n<p>[\/vc_column_text][vc_separator][vc_column_text css_animation=&#8221;none&#8221;]<\/p>\n<p style=\"text-align: justify;\"><strong><i class=\"icon-right-dir\" style=\"\"><\/i><\/strong><strong> Obra: <\/strong>Obras de restaura\u00e7\u00e3o e melhoramento da Rodovia AL-101, trecho Macei\u00f3 &#8211; Paripueira, com 26,22 km de extens\u00e3o<\/p>\n<p style=\"text-align: justify;\"><strong><i class=\"icon-right-dir\" style=\"\"><\/i>\u00a0Cliente:<\/strong> <span style=\"font-weight: 400;\">Departamento de Estradas de Rodagem do Estado de Alagoas-Der\/AL<\/span><\/p>\n<p>[\/vc_column_text][vc_separator][vc_column_text css_animation=&#8221;none&#8221;]<\/p>\n<p style=\"text-align: justify;\"><strong><i class=\"icon-right-dir\" style=\"\"><\/i><\/strong><strong>\u00a0Obra:<\/strong> <span style=\"font-weight: 400;\">Obra de reconstru\u00e7\u00e3o (encostas) do Morada dos Palmares, no Bairro do Tabuleiro, Macei\u00f3 \u2013 AL<\/span><\/p>\n<p style=\"text-align: justify;\"><strong><i class=\"icon-right-dir\" style=\"\"><\/i> Cliente:\u00a0<\/strong><span style=\"font-weight: 400;\">Seminfra\/ Prefeitura Municipal de Macei\u00f3<\/span><\/p>\n<p>[\/vc_column_text][vc_separator][vc_column_text css_animation=&#8221;none&#8221;]<\/p>\n<p style=\"text-align: justify;\"><strong><i class=\"icon-right-dir\" style=\"\"><\/i><\/strong><strong>\u00a0Obra:<\/strong> Implanta\u00e7\u00e3o de obras de Arte Especiais e Interse\u00e7\u00f5es da Rodovia AL-105, trecho: Povoado Cachoeira do Meirim \u2013 Entr. AL-430 (S\u00e3o Luiz do Quitunde), com 27,44 Km de extens\u00e3o<\/p>\n<p style=\"text-align: justify;\"><strong><i class=\"icon-right-dir\" style=\"\"><\/i>\u00a0Cliente:<\/strong> Departamento de Estradas de Rodagem do Estado de Alagoas-Der\/AL<\/p>\n<p>[\/vc_column_text][vc_separator][vc_column_text css_animation=&#8221;none&#8221;]<\/p>\n<p style=\"text-align: justify;\"><strong><i class=\"icon-right-dir\" style=\"\"><\/i><\/strong><strong>\u00a0Obra:<\/strong> Servi\u00e7os de Pavimenta\u00e7\u00e3o e Drenagem da Av. Norte e vias secund\u00e1rias no Benedito Bentes em Macei\u00f3\/AL<\/p>\n<p style=\"text-align: justify;\"><strong><i class=\"icon-right-dir\" style=\"\"><\/i>\u00a0Cliente:<\/strong> Seminfra\/ Prefeitura Municipal de Macei\u00f3<\/p>\n<p>[\/vc_column_text][vc_separator][vc_column_text css_animation=&#8221;none&#8221;]<\/p>\n<p style=\"text-align: justify;\"><strong><i class=\"icon-right-dir\" style=\"\"><\/i><\/strong><strong> Obra: <\/strong>Servi\u00e7os de Duplica\u00e7\u00e3o e Restaura\u00e7\u00e3o da Rodovia AL-101 Norte, Trecho: Macei\u00f3 \/ Barra de Santo Ant\u00f4nio<\/p>\n<p style=\"text-align: justify;\"><strong><i class=\"icon-right-dir\" style=\"\"><\/i>\u00a0Cliente:<\/strong> <span style=\"font-weight: 400;\">Setrand\/ Prefeitura Municipal de Macei\u00f3<\/span><\/p>\n<p>[\/vc_column_text][\/vc_column_inner][\/vc_row_inner][\/vc_tta_section][vc_tta_section i_icon_fontawesome=&#8221;fa fa-camera-retro&#8221; add_icon=&#8221;true&#8221; title=&#8221;Galeria de Fotos&#8221; tab_id=&#8221;galeria-de-fotos&#8221;][vc_row_inner][vc_column_inner][vc_empty_space height=&#8221;1px&#8221;][vc_column_text css_animation=&#8221;fadeInUp&#8221;]Clique sobre as imagens para ampli\u00e1-las.[\/vc_column_text][vc_media_grid element_width=&#8221;3&#8243; grid_id=&#8221;vc_gid:1594842652882-a3a9c8b0-0756-0&#8243; include=&#8221;220,221,222,223,224,225,226,227,228,229,230,231,232,233,527,528&#8243;][\/vc_column_inner][\/vc_row_inner][\/vc_tta_section][\/vc_tta_tabs][\/vc_column][\/vc_row]<\/p>\n","protected":false},"excerpt":{"rendered":"<p>[vc_row][vc_column][vc_empty_space][\/vc_column][vc_column width=&#8221;1\/6&#8243;][\/vc_column][vc_column width=&#8221;4\/6&#8243;][vc_column_text css_animation=&#8221;fadeInUp&#8221;] A Amorim Barreto Engenharia Ltda tem um acervo t\u00e9cnico vasto e variado tendo executado mais de 4mil Km de pavimenta\u00e7\u00e3o em rodovias<span class=\"excerpt-hellip\"> [\u2026]<\/span><\/p>\n","protected":false},"author":1,"featured_media":0,"parent":0,"menu_order":0,"comment_status":"closed","ping_status":"open","template":"","meta":{"footnotes":""},"class_list":["post-197","page","type-page","status-publish","hentry"],"yoast_head":"<!-- This site is optimized with the Yoast SEO plugin v18.4.1 - https:\/\/yoast.com\/wordpress\/plugins\/seo\/ -->\n<title>Obras - Amorim Barreto<\/title>\n<meta name=\"robots\" content=\"index, follow, max-snippet:-1, max-image-preview:large, max-video-preview:-1\" \/>\n<link rel=\"canonical\" href=\"https:\/\/amorimbarreto.com.br\/site2019\/obras\/\" \/>\n<meta property=\"og:locale\" content=\"pt_BR\" \/>\n<meta property=\"og:type\" content=\"article\" \/>\n<meta property=\"og:title\" content=\"Obras - Amorim Barreto\" \/>\n<meta property=\"og:description\" content=\"[vc_row][vc_column][vc_empty_space][\/vc_column][vc_column width=&#8221;1\/6&#8243;][\/vc_column][vc_column width=&#8221;4\/6&#8243;][vc_column_text css_animation=&#8221;fadeInUp&#8221;] A Amorim Barreto Engenharia Ltda tem um acervo t\u00e9cnico vasto e variado tendo executado mais de 4mil Km de pavimenta\u00e7\u00e3o em rodovias [\u2026]\" \/>\n<meta property=\"og:url\" content=\"https:\/\/amorimbarreto.com.br\/site2019\/obras\/\" \/>\n<meta property=\"og:site_name\" content=\"Amorim Barreto\" \/>\n<meta name=\"twitter:card\" content=\"summary_large_image\" \/>\n<meta name=\"twitter:label1\" content=\"Est. tempo de leitura\" \/>\n\t<meta name=\"twitter:data1\" content=\"8 minutos\" \/>\n<script type=\"application\/ld+json\" class=\"yoast-schema-graph\">{\"@context\":\"https:\/\/schema.org\",\"@graph\":[{\"@type\":\"WebSite\",\"@id\":\"https:\/\/amorimbarreto.com.br\/site2019\/#website\",\"url\":\"https:\/\/amorimbarreto.com.br\/site2019\/\",\"name\":\"Amorim Barreto\",\"description\":\"Engenharia\",\"potentialAction\":[{\"@type\":\"SearchAction\",\"target\":{\"@type\":\"EntryPoint\",\"urlTemplate\":\"https:\/\/amorimbarreto.com.br\/site2019\/?s={search_term_string}\"},\"query-input\":\"required name=search_term_string\"}],\"inLanguage\":\"pt-BR\"},{\"@type\":\"WebPage\",\"@id\":\"https:\/\/amorimbarreto.com.br\/site2019\/obras\/#webpage\",\"url\":\"https:\/\/amorimbarreto.com.br\/site2019\/obras\/\",\"name\":\"Obras - Amorim Barreto\",\"isPartOf\":{\"@id\":\"https:\/\/amorimbarreto.com.br\/site2019\/#website\"},\"datePublished\":\"2020-01-24T00:59:07+00:00\",\"dateModified\":\"2020-01-24T00:59:07+00:00\",\"breadcrumb\":{\"@id\":\"https:\/\/amorimbarreto.com.br\/site2019\/obras\/#breadcrumb\"},\"inLanguage\":\"pt-BR\",\"potentialAction\":[{\"@type\":\"ReadAction\",\"target\":[\"https:\/\/amorimbarreto.com.br\/site2019\/obras\/\"]}]},{\"@type\":\"BreadcrumbList\",\"@id\":\"https:\/\/amorimbarreto.com.br\/site2019\/obras\/#breadcrumb\",\"itemListElement\":[{\"@type\":\"ListItem\",\"position\":1,\"name\":\"In\u00edcio\",\"item\":\"https:\/\/amorimbarreto.com.br\/site2019\/\"},{\"@type\":\"ListItem\",\"position\":2,\"name\":\"Obras\"}]}]}<\/script>\n<!-- \/ Yoast SEO plugin. -->","yoast_head_json":{"title":"Obras - Amorim Barreto","robots":{"index":"index","follow":"follow","max-snippet":"max-snippet:-1","max-image-preview":"max-image-preview:large","max-video-preview":"max-video-preview:-1"},"canonical":"https:\/\/amorimbarreto.com.br\/site2019\/obras\/","og_locale":"pt_BR","og_type":"article","og_title":"Obras - Amorim Barreto","og_description":"[vc_row][vc_column][vc_empty_space][\/vc_column][vc_column width=&#8221;1\/6&#8243;][\/vc_column][vc_column width=&#8221;4\/6&#8243;][vc_column_text css_animation=&#8221;fadeInUp&#8221;] A Amorim Barreto Engenharia Ltda tem um acervo t\u00e9cnico vasto e variado tendo executado mais de 4mil Km de pavimenta\u00e7\u00e3o em rodovias [\u2026]","og_url":"https:\/\/amorimbarreto.com.br\/site2019\/obras\/","og_site_name":"Amorim Barreto","twitter_card":"summary_large_image","twitter_misc":{"Est. tempo de leitura":"8 minutos"},"schema":{"@context":"https:\/\/schema.org","@graph":[{"@type":"WebSite","@id":"https:\/\/amorimbarreto.com.br\/site2019\/#website","url":"https:\/\/amorimbarreto.com.br\/site2019\/","name":"Amorim Barreto","description":"Engenharia","potentialAction":[{"@type":"SearchAction","target":{"@type":"EntryPoint","urlTemplate":"https:\/\/amorimbarreto.com.br\/site2019\/?s={search_term_string}"},"query-input":"required name=search_term_string"}],"inLanguage":"pt-BR"},{"@type":"WebPage","@id":"https:\/\/amorimbarreto.com.br\/site2019\/obras\/#webpage","url":"https:\/\/amorimbarreto.com.br\/site2019\/obras\/","name":"Obras - Amorim Barreto","isPartOf":{"@id":"https:\/\/amorimbarreto.com.br\/site2019\/#website"},"datePublished":"2020-01-24T00:59:07+00:00","dateModified":"2020-01-24T00:59:07+00:00","breadcrumb":{"@id":"https:\/\/amorimbarreto.com.br\/site2019\/obras\/#breadcrumb"},"inLanguage":"pt-BR","potentialAction":[{"@type":"ReadAction","target":["https:\/\/amorimbarreto.com.br\/site2019\/obras\/"]}]},{"@type":"BreadcrumbList","@id":"https:\/\/amorimbarreto.com.br\/site2019\/obras\/#breadcrumb","itemListElement":[{"@type":"ListItem","position":1,"name":"In\u00edcio","item":"https:\/\/amorimbarreto.com.br\/site2019\/"},{"@type":"ListItem","position":2,"name":"Obras"}]}]}},"_links":{"self":[{"href":"http:\/\/amorimbarreto.com.br\/site2019\/wp-json\/wp\/v2\/pages\/197","targetHints":{"allow":["GET"]}}],"collection":[{"href":"http:\/\/amorimbarreto.com.br\/site2019\/wp-json\/wp\/v2\/pages"}],"about":[{"href":"http:\/\/amorimbarreto.com.br\/site2019\/wp-json\/wp\/v2\/types\/page"}],"author":[{"embeddable":true,"href":"http:\/\/amorimbarreto.com.br\/site2019\/wp-json\/wp\/v2\/users\/1"}],"replies":[{"embeddable":true,"href":"http:\/\/amorimbarreto.com.br\/site2019\/wp-json\/wp\/v2\/comments?post=197"}],"version-history":[{"count":0,"href":"http:\/\/amorimbarreto.com.br\/site2019\/wp-json\/wp\/v2\/pages\/197\/revisions"}],"wp:attachment":[{"href":"http:\/\/amorimbarreto.com.br\/site2019\/wp-json\/wp\/v2\/media?parent=197"}],"curies":[{"name":"wp","href":"https:\/\/api.w.org\/{rel}","templated":true}]}}